{"id":99,"date":"2023-03-08T23:28:23","date_gmt":"2023-03-08T22:28:23","guid":{"rendered":"https:\/\/szpadelek.com.pl\/?page_id=99"},"modified":"2023-03-31T00:44:32","modified_gmt":"2023-03-30T22:44:32","slug":"realizacje","status":"publish","type":"page","link":"https:\/\/szpadelek.com.pl\/index.php\/realizacje\/","title":{"rendered":"Realizacje"},"content":{"rendered":"<p>[et_pb_section fb_built=&#8221;1&#8243; admin_label=&#8221;Header&#8221; _builder_version=&#8221;4.20.0&#8243; background_color=&#8221;#FFFFFF&#8221; background_enable_image=&#8221;off&#8221; custom_padding=&#8221;4vw|0px|0vw|0px|false|false&#8221; top_divider_style=&#8221;arrow3&#8243; top_divider_color=&#8221;#7CDA24&#8243; top_divider_height=&#8221;24px&#8221; global_colors_info=&#8221;{}&#8221;][et_pb_row _builder_version=&#8221;4.20.0&#8243; custom_padding=&#8221;||26px|||&#8221; global_colors_info=&#8221;{}&#8221;][et_pb_column type=&#8221;4_4&#8243; _builder_version=&#8221;4.20.0&#8243; background_enable_image=&#8221;off&#8221; custom_padding=&#8221;|||&#8221; global_colors_info=&#8221;{}&#8221; custom_padding__hover=&#8221;|||&#8221;][et_pb_image src=&#8221;https:\/\/szpadelek.com.pl\/wp-content\/uploads\/2023\/03\/logo-1.jpg&#8221; alt=&#8221;Logo du\u017ce&#8221; title_text=&#8221;logo&#8221; align=&#8221;center&#8221; _builder_version=&#8221;4.20.0&#8243; _module_preset=&#8221;default&#8221; global_colors_info=&#8221;{}&#8221;][\/et_pb_image][et_pb_text _builder_version=&#8221;4.20.0&#8243; _module_preset=&#8221;default&#8221; text_font=&#8221;Marck Script||||||||&#8221; text_font_size=&#8221;32px&#8221; text_letter_spacing=&#8221;1px&#8221; text_line_height=&#8221;1em&#8221; width=&#8221;100%&#8221; module_alignment=&#8221;left&#8221; custom_margin=&#8221;||||false|false&#8221; text_text_shadow_style=&#8221;preset3&#8243; text_text_shadow_vertical_length=&#8221;0.93em&#8221; global_colors_info=&#8221;{}&#8221;]<\/p>\n<p style=\"text-align: center;\">Projektowanie i piel\u0119gnacja ogrod\u00f3w<\/p>\n<p>[\/et_pb_text][et_pb_text _builder_version=&#8221;4.20.0&#8243; _module_preset=&#8221;default&#8221; text_text_color=&#8221;#8cc922&#8243; text_font_size=&#8221;31px&#8221; header_text_color=&#8221;#4a9183&#8243; module_alignment=&#8221;center&#8221; custom_padding=&#8221;13%||||false|false&#8221; global_colors_info=&#8221;{}&#8221;]<\/p>\n<p style=\"text-align: center;\">Realizacje<\/p>\n<p>[\/et_pb_text][et_pb_divider color=&#8221;#8cc922&#8243; divider_weight=&#8221;3px&#8221; _builder_version=&#8221;4.20.0&#8243; _module_preset=&#8221;default&#8221; width=&#8221;20%&#8221; module_alignment=&#8221;center&#8221; global_colors_info=&#8221;{}&#8221;][\/et_pb_divider][\/et_pb_column][\/et_pb_row][\/et_pb_section][et_pb_section fb_built=&#8221;1&#8243; _builder_version=&#8221;4.20.0&#8243; _module_preset=&#8221;default&#8221; width=&#8221;100%&#8221; max_width=&#8221;100%&#8221; min_height=&#8221;80px&#8221; custom_padding=&#8221;0px|||||&#8221; global_colors_info=&#8221;{}&#8221;][et_pb_row _builder_version=&#8221;4.20.0&#8243; _module_preset=&#8221;default&#8221; custom_margin=&#8221;-4px|auto||auto||&#8221; global_colors_info=&#8221;{}&#8221;][et_pb_column type=&#8221;4_4&#8243; _builder_version=&#8221;4.20.0&#8243; _module_preset=&#8221;default&#8221; global_colors_info=&#8221;{}&#8221;][et_pb_text _builder_version=&#8221;4.20.0&#8243; _module_preset=&#8221;default&#8221; text_font_size=&#8221;16px&#8221; global_colors_info=&#8221;{}&#8221;]<\/p>\n<p style=\"text-align: center;\"><span>Oferujemy kompleksowy zestaw us\u0142ug w zakresie projektowania, zak\u0142adania i piel\u0119gnacji ogrod\u00f3w oraz teren\u00f3w zielonych. Projektuj\u0105c i zak\u0142adaj\u0105c Tw\u00f3j ogr\u00f3d, zwracamy szczeg\u00f3ln\u0105 uwag\u0119 na to, by by\u0142 funkcjonalny i estetyczny.<\/span><br \/><span>Istotny krok to za\u0142o\u017cenie ogrodu, urzeczywistnienie powsta\u0142ego projektu.<\/span><\/p>\n<p>[\/et_pb_text][\/et_pb_column][\/et_pb_row][\/et_pb_section][et_pb_section fb_built=&#8221;1&#8243; _builder_version=&#8221;4.20.0&#8243; _module_preset=&#8221;default&#8221; custom_margin=&#8221;-1px|||||&#8221; custom_padding=&#8221;11px|||||&#8221; global_colors_info=&#8221;{}&#8221;][et_pb_row _builder_version=&#8221;4.20.0&#8243; _module_preset=&#8221;default&#8221; hover_enabled=&#8221;0&#8243; global_colors_info=&#8221;{}&#8221; sticky_enabled=&#8221;0&#8243;][et_pb_column type=&#8221;4_4&#8243; _builder_version=&#8221;4.20.0&#8243; _module_preset=&#8221;default&#8221; global_colors_info=&#8221;{}&#8221;][et_pb_gallery gallery_ids=&#8221;97,96,64,65,66,68,69,70,79,78,77,84,93,85,95,94,83,86,92,91,90,82,76,71,80,81,75,73,72&#8243; gallery_orderby=&#8221;rand&#8221; posts_number=&#8221;8&#8243; orientation=&#8221;portrait&#8221; zoom_icon_color=&#8221;RGBA(255,255,255,0)&#8221; hover_overlay_color=&#8221;RGBA(255,255,255,0)&#8221; _builder_version=&#8221;4.20.0&#8243; _module_preset=&#8221;default&#8221; title_text_align=&#8221;center&#8221; title_font_size=&#8221;14px&#8221; caption_font_size=&#8221;0px&#8221; background_color=&#8221;RGBA(255,255,255,0)&#8221; hover_enabled=&#8221;0&#8243; border_width_all_image=&#8221;1px&#8221; box_shadow_style_image=&#8221;preset2&#8243; global_colors_info=&#8221;{}&#8221; show_title_and_caption=&#8221;off&#8221; sticky_enabled=&#8221;0&#8243;][\/et_pb_gallery][\/et_pb_column][\/et_pb_row][\/et_pb_section][et_pb_section fb_built=&#8221;1&#8243; admin_label=&#8221;Subscribe&#8221; _builder_version=&#8221;4.20.0&#8243; background_color=&#8221;#4a9183&#8243; use_background_color_gradient=&#8221;on&#8221; background_color_gradient_direction=&#8221;238deg&#8221; background_color_gradient_stops=&#8221;#2b87da 14%|#29c4a9 100%&#8221; background_enable_image=&#8221;off&#8221; background_video_mp4=&#8221;https:\/\/szpadelek.com.pl\/wp-content\/uploads\/2023\/03\/file.mp4&#8243; custom_margin=&#8221;3%||||false|false&#8221; global_colors_info=&#8221;{}&#8221;][et_pb_row _builder_version=&#8221;4.20.0&#8243; _module_preset=&#8221;default&#8221; global_colors_info=&#8221;{}&#8221;][et_pb_column type=&#8221;4_4&#8243; _builder_version=&#8221;4.20.0&#8243; _module_preset=&#8221;default&#8221; global_colors_info=&#8221;{}&#8221;][et_pb_text _builder_version=&#8221;4.20.0&#8243; _module_preset=&#8221;default&#8221; text_font=&#8221;|600|||||||&#8221; text_text_color=&#8221;#FFFFFF&#8221; text_font_size=&#8221;21px&#8221; text_line_height=&#8221;1em&#8221; text_orientation=&#8221;right&#8221; text_text_shadow_style=&#8221;preset1&#8243; text_text_shadow_color=&#8221;#000000&#8243; global_colors_info=&#8221;{}&#8221;]<\/p>\n<p>Kontakt:<\/p>\n<p>Krzysztof Piotrowski<\/p>\n<p>ogrody.szpadelek@gmail.com<\/p>\n<p>Tel: 515 962 564<\/p>\n<p>[\/et_pb_text][\/et_pb_column][\/et_pb_row][\/et_pb_section]<\/p>\n","protected":false},"excerpt":{"rendered":"<p>Projektowanie i piel\u0119gnacja ogrod\u00f3wRealizacjeOferujemy kompleksowy zestaw us\u0142ug w zakresie projektowania, zak\u0142adania i piel\u0119gnacji ogrod\u00f3w oraz teren\u00f3w zielonych. Projektuj\u0105c i zak\u0142adaj\u0105c Tw\u00f3j ogr\u00f3d, zwracamy szczeg\u00f3ln\u0105 uwag\u0119 na to, by by\u0142 funkcjonalny i estetyczny.Istotny krok to za\u0142o\u017cenie ogrodu, urzeczywistnienie powsta\u0142ego projektu.Kontakt: Krzysztof Piotrowski ogrody.szpadelek@gmail.com Tel: 515 962 564<\/p>\n","protected":false},"author":1,"featured_media":0,"parent":0,"menu_order":0,"comment_status":"closed","ping_status":"closed","template":"","meta":{"_et_pb_use_builder":"on","_et_pb_old_content":"","_et_gb_content_width":"","footnotes":""},"class_list":["post-99","page","type-page","status-publish","hentry"],"_links":{"self":[{"href":"https:\/\/szpadelek.com.pl\/index.php\/wp-json\/wp\/v2\/pages\/99","targetHints":{"allow":["GET"]}}],"collection":[{"href":"https:\/\/szpadelek.com.pl\/index.php\/wp-json\/wp\/v2\/pages"}],"about":[{"href":"https:\/\/szpadelek.com.pl\/index.php\/wp-json\/wp\/v2\/types\/page"}],"author":[{"embeddable":true,"href":"https:\/\/szpadelek.com.pl\/index.php\/wp-json\/wp\/v2\/users\/1"}],"replies":[{"embeddable":true,"href":"https:\/\/szpadelek.com.pl\/index.php\/wp-json\/wp\/v2\/comments?post=99"}],"version-history":[{"count":14,"href":"https:\/\/szpadelek.com.pl\/index.php\/wp-json\/wp\/v2\/pages\/99\/revisions"}],"predecessor-version":[{"id":180,"href":"https:\/\/szpadelek.com.pl\/index.php\/wp-json\/wp\/v2\/pages\/99\/revisions\/180"}],"wp:attachment":[{"href":"https:\/\/szpadelek.com.pl\/index.php\/wp-json\/wp\/v2\/media?parent=99"}],"curies":[{"name":"wp","href":"https:\/\/api.w.org\/{rel}","templated":true}]}}