{"id":244,"date":"2023-04-05T00:58:46","date_gmt":"2023-04-04T22:58:46","guid":{"rendered":"https:\/\/szpadelek.com.pl\/?page_id=244"},"modified":"2023-04-05T01:31:03","modified_gmt":"2023-04-04T23:31:03","slug":"roboty-koszace","status":"publish","type":"page","link":"https:\/\/szpadelek.com.pl\/index.php\/oferta\/roboty-koszace\/","title":{"rendered":"Roboty kosz\u0105ce"},"content":{"rendered":"<p>[et_pb_section fb_built=&#8221;1&#8243; admin_label=&#8221;Header&#8221; _builder_version=&#8221;4.20.0&#8243; background_color=&#8221;#FFFFFF&#8221; background_enable_image=&#8221;off&#8221; custom_padding=&#8221;4vw|0px|0vw|0px|false|false&#8221; top_divider_style=&#8221;arrow3&#8243; top_divider_color=&#8221;#7CDA24&#8243; top_divider_height=&#8221;24px&#8221; global_colors_info=&#8221;{}&#8221; theme_builder_area=&#8221;post_content&#8221;][et_pb_row _builder_version=&#8221;4.20.0&#8243; custom_padding=&#8221;||26px|||&#8221; global_colors_info=&#8221;{}&#8221; theme_builder_area=&#8221;post_content&#8221;][et_pb_column type=&#8221;4_4&#8243; _builder_version=&#8221;4.20.0&#8243; background_enable_image=&#8221;off&#8221; custom_padding=&#8221;|||&#8221; global_colors_info=&#8221;{}&#8221; custom_padding__hover=&#8221;|||&#8221; theme_builder_area=&#8221;post_content&#8221;][et_pb_image src=&#8221;https:\/\/szpadelek.com.pl\/wp-content\/uploads\/2023\/03\/logo-1.jpg&#8221; alt=&#8221;Logo du\u017ce&#8221; title_text=&#8221;logo&#8221; align=&#8221;center&#8221; _builder_version=&#8221;4.20.0&#8243; _module_preset=&#8221;default&#8221; global_colors_info=&#8221;{}&#8221; theme_builder_area=&#8221;post_content&#8221;][\/et_pb_image][et_pb_text _builder_version=&#8221;4.20.0&#8243; _module_preset=&#8221;default&#8221; text_font=&#8221;Marck Script||||||||&#8221; text_font_size=&#8221;32px&#8221; text_letter_spacing=&#8221;1px&#8221; text_line_height=&#8221;1em&#8221; width=&#8221;100%&#8221; module_alignment=&#8221;left&#8221; custom_margin=&#8221;||||false|false&#8221; text_text_shadow_style=&#8221;preset3&#8243; text_text_shadow_vertical_length=&#8221;0.93em&#8221; global_colors_info=&#8221;{}&#8221; theme_builder_area=&#8221;post_content&#8221;]<\/p>\n<p style=\"text-align: center;\">Projektowanie i piel\u0119gnacja ogrod\u00f3w<\/p>\n<p>[\/et_pb_text][et_pb_text _builder_version=&#8221;4.20.2&#8243; _module_preset=&#8221;default&#8221; text_text_color=&#8221;#8cc922&#8243; text_font_size=&#8221;31px&#8221; header_text_color=&#8221;#4a9183&#8243; module_alignment=&#8221;center&#8221; custom_padding=&#8221;13%||||false|false&#8221; hover_enabled=&#8221;0&#8243; global_colors_info=&#8221;{}&#8221; theme_builder_area=&#8221;post_content&#8221; sticky_enabled=&#8221;0&#8243;]<\/p>\n<p style=\"text-align: center;\">Roboty kosz\u0105ce<\/p>\n<p>[\/et_pb_text][et_pb_divider color=&#8221;#8cc922&#8243; divider_weight=&#8221;3px&#8221; _builder_version=&#8221;4.20.0&#8243; _module_preset=&#8221;default&#8221; width=&#8221;20%&#8221; module_alignment=&#8221;center&#8221; global_colors_info=&#8221;{}&#8221; theme_builder_area=&#8221;post_content&#8221;][\/et_pb_divider][\/et_pb_column][\/et_pb_row][\/et_pb_section][et_pb_section fb_built=&#8221;1&#8243; _builder_version=&#8221;4.20.0&#8243; _module_preset=&#8221;default&#8221; width=&#8221;100%&#8221; max_width=&#8221;100%&#8221; min_height=&#8221;80px&#8221; custom_padding=&#8221;0px|||||&#8221; global_colors_info=&#8221;{}&#8221; theme_builder_area=&#8221;post_content&#8221;][et_pb_row _builder_version=&#8221;4.20.0&#8243; _module_preset=&#8221;default&#8221; custom_margin=&#8221;-4px|auto||auto||&#8221; global_colors_info=&#8221;{}&#8221; theme_builder_area=&#8221;post_content&#8221;][et_pb_column type=&#8221;4_4&#8243; _builder_version=&#8221;4.20.0&#8243; _module_preset=&#8221;default&#8221; global_colors_info=&#8221;{}&#8221; theme_builder_area=&#8221;post_content&#8221;][et_pb_blurb image=&#8221;https:\/\/szpadelek.com.pl\/wp-content\/uploads\/2023\/04\/robot-ogolny.webp&#8221; _builder_version=&#8221;4.20.2&#8243; _module_preset=&#8221;default&#8221; theme_builder_area=&#8221;post_content&#8221; title_text=&#8221;robot og\u00f3lny&#8221; hover_enabled=&#8221;0&#8243; sticky_enabled=&#8221;0&#8243; image_icon_width=&#8221;100%&#8221; content_max_width=&#8221;100%&#8221; width=&#8221;100%&#8221; icon_alignment=&#8221;left&#8221;]<\/p>\n<p class=\"font_2\"><span><span class=\"color_35\">Roboty kosz\u0105ce umo\u017cliwiaj\u0105 stworzenie wspania\u0142ego trawnika bez wi\u0119kszego wysi\u0142ku. Na pa\u0144stwa \u017cyczenie wybierzemy i zainstalujemy odpowiedni model kosiarki robotycznej.<\/span><\/span><\/p>\n<p class=\"font_2\"><span><span class=\"color_35\">Szczeg\u00f3lnie polecamy kosiarki z serii<\/span><span class=\"color_15\">\u00a0<\/span><a href=\"https:\/\/www.robomow.com\/pl-PL\" target=\"_blank\" rel=\"noreferrer noopener\">Robomow\u00ae<\/a><span class=\"color_35\">, kt\u00f3rych\u00a0<\/span><span class=\"color_16\">g\u0142\u00f3wn\u0105 zalet\u0105 jest funkcja dokaszania kraw\u0119dzi.<\/span><\/span><\/p>\n<p class=\"font_2\"><span><span class=\"color_35\">Opr\u00f3cz tego producent wymienia takie zalety jak:<\/span><\/span><\/p>\n<ul class=\"font_2 color_35\">\n<li>\n<p class=\"font_2\"><span><span class=\"color_35\">Ustawienie zawracania zapewnia d\u0142u\u017csz\u0105 \u017cywotno\u015b\u0107 kosiarki i szybsze pokrycie terenu<\/span><\/span><\/p>\n<\/li>\n<li>\n<p class=\"font_2\"><span><span class=\"color_35\">Mo\u017cliwo\u015b\u0107 pracy w strefach nie po\u0142\u0105czonych z g\u0142\u00f3wnym trawnikiem<\/span><\/span><\/p>\n<\/li>\n<li>\n<p class=\"font_2\"><span><span class=\"color_35\">Cicha praca dzi\u0119ki silnikom nap\u0119dowym i przek\u0142adni<\/span><\/span><\/p>\n<\/li>\n<li>\n<p class=\"font_2\"><span><span class=\"color_35\">Wielokierunkowe wykrywanie przeszk\u00f3d zapewnia wra\u017cli\u2014wo\u015b\u0107 na otoczenie.<\/span><\/span><\/p>\n<\/li>\n<li>\n<p class=\"font_2\"><span><span class=\"color_35\">Samodzielna wymiana cz\u0119\u015bci jest bardzo \u0142atwa.<\/span><\/span><\/p>\n<\/li>\n<\/ul>\n<p>[\/et_pb_blurb][\/et_pb_column][\/et_pb_row][\/et_pb_section][et_pb_section fb_built=&#8221;1&#8243; theme_builder_area=&#8221;post_content&#8221; _builder_version=&#8221;4.20.2&#8243; _module_preset=&#8221;default&#8221;][et_pb_row _builder_version=&#8221;4.20.2&#8243; _module_preset=&#8221;default&#8221; theme_builder_area=&#8221;post_content&#8221;][et_pb_column _builder_version=&#8221;4.20.2&#8243; _module_preset=&#8221;default&#8221; type=&#8221;4_4&#8243; theme_builder_area=&#8221;post_content&#8221;][et_pb_text _builder_version=&#8221;4.20.2&#8243; _module_preset=&#8221;default&#8221; theme_builder_area=&#8221;post_content&#8221; hover_enabled=&#8221;0&#8243; sticky_enabled=&#8221;0&#8243;]<\/p>\n<div id=\"comp-lb57y6ha\" class=\"KcpHeO tz5f0K comp-lb57y6ha wixui-rich-text\" data-testid=\"richTextElement\">\n<p class=\"font_8\"><span>ROBOMOW RT<\/span><\/p>\n<\/div>\n<div id=\"comp-lb57x2j7\" class=\"KcpHeO tz5f0K comp-lb57x2j7 wixui-rich-text\" data-testid=\"richTextElement\">\n<p class=\"font_8\">Kosiarki automatyczne RT to po\u0142\u0105czenie nowoczesnego i wyrafinowanego wzornictwa z najlepsz\u0105 wydajno\u015bci\u0105 koszenia na niewielkiej wielko\u015bci trawnikach (do 700m\u00b2).<\/p>\n<\/div>\n<p>[\/et_pb_text][\/et_pb_column][\/et_pb_row][\/et_pb_section][et_pb_section fb_built=&#8221;1&#8243; _builder_version=&#8221;4.20.0&#8243; _module_preset=&#8221;default&#8221; width=&#8221;100%&#8221; max_width=&#8221;100%&#8221; min_height=&#8221;80px&#8221; custom_padding=&#8221;0px|||||&#8221; global_colors_info=&#8221;{}&#8221; theme_builder_area=&#8221;post_content&#8221;][et_pb_row column_structure=&#8221;1_2,1_2&#8243; _builder_version=&#8221;4.20.0&#8243; _module_preset=&#8221;default&#8221; custom_margin=&#8221;-4px|auto||auto||&#8221; global_colors_info=&#8221;{}&#8221; theme_builder_area=&#8221;post_content&#8221;][et_pb_column type=&#8221;1_2&#8243; _builder_version=&#8221;4.20.2&#8243; _module_preset=&#8221;default&#8221; global_colors_info=&#8221;{}&#8221; theme_builder_area=&#8221;post_content&#8221;][et_pb_blurb title=&#8221;RT 300&#8243; _builder_version=&#8221;4.20.2&#8243; _module_preset=&#8221;default&#8221; header_text_align=&#8221;left&#8221; header_text_color=&#8221;#509386&#8243; header_font_size=&#8221;20px&#8221; hover_enabled=&#8221;0&#8243; global_colors_info=&#8221;{}&#8221; theme_builder_area=&#8221;post_content&#8221; sticky_enabled=&#8221;0&#8243;]<\/p>\n<div id=\"comp-lb583k8a\" class=\"KcpHeO tz5f0K comp-lb583k8a wixui-rich-text\" data-testid=\"richTextElement\">\n<table border=\"1\" style=\"width: 100%; border-collapse: collapse;\">\n<tbody>\n<tr>\n<td style=\"width: 50%;\">Szeroko\u015b\u0107 koszenia:<\/td>\n<td style=\"width: 50%;\"><span>18cm<\/span><\/td>\n<\/tr>\n<tr>\n<td style=\"width: 50%;\"><span>Wysoko\u015b\u0107 koszenia:<\/span><\/td>\n<td style=\"width: 50%;\"><span>15 &#8211; 60 mm<\/span><\/td>\n<\/tr>\n<tr>\n<td style=\"width: 50%;\"><span>Rozmiar trawnika:<\/span><\/td>\n<td style=\"width: 50%;\"><span>do 300 m\u00b2<\/span><\/td>\n<\/tr>\n<tr>\n<td style=\"width: 50%;\"><span>Czas koszenia:<\/span><\/td>\n<td style=\"width: 50%;\"><span>75 min<\/span><\/td>\n<\/tr>\n<tr>\n<td style=\"width: 50%;\"><span>Silnik:<\/span><\/td>\n<td style=\"width: 50%;\"><span>DC Szczotkowy<\/span><\/td>\n<\/tr>\n<tr>\n<td style=\"width: 50%;\"><span>Zu\u017cycie energii:<\/span><\/td>\n<td style=\"width: 50%;\"><span>6 kWh\/miesi\u0119cznie<\/span><\/td>\n<\/tr>\n<\/tbody>\n<\/table>\n<\/div>\n<div id=\"comp-lb585fe7\" class=\"KcpHeO tz5f0K comp-lb585fe7 wixui-rich-text\" data-testid=\"richTextElement\">\n<p class=\"font_8\">\n<\/div>\n<p>[\/et_pb_blurb][\/et_pb_column][et_pb_column type=&#8221;1_2&#8243; _builder_version=&#8221;4.20.0&#8243; _module_preset=&#8221;default&#8221; global_colors_info=&#8221;{}&#8221; theme_builder_area=&#8221;post_content&#8221;][et_pb_image src=&#8221;https:\/\/szpadelek.com.pl\/wp-content\/uploads\/2023\/04\/rt300robomow.webp&#8221; title_text=&#8221;rt300robomow&#8221; _builder_version=&#8221;4.20.2&#8243; _module_preset=&#8221;default&#8221; hover_enabled=&#8221;0&#8243; global_colors_info=&#8221;{}&#8221; theme_builder_area=&#8221;post_content&#8221; sticky_enabled=&#8221;0&#8243; width=&#8221;96%&#8221; module_alignment=&#8221;center&#8221;][\/et_pb_image][\/et_pb_column][\/et_pb_row][et_pb_row column_structure=&#8221;1_2,1_2&#8243; _builder_version=&#8221;4.20.0&#8243; _module_preset=&#8221;default&#8221; custom_margin=&#8221;-4px|auto||auto||&#8221; global_colors_info=&#8221;{}&#8221; theme_builder_area=&#8221;post_content&#8221; custom_padding=&#8221;27px|||||&#8221;][et_pb_column type=&#8221;1_2&#8243; _builder_version=&#8221;4.20.2&#8243; _module_preset=&#8221;default&#8221; global_colors_info=&#8221;{}&#8221; theme_builder_area=&#8221;post_content&#8221;][et_pb_blurb title=&#8221;RT 700&#8243; _builder_version=&#8221;4.20.2&#8243; _module_preset=&#8221;default&#8221; header_text_align=&#8221;left&#8221; header_text_color=&#8221;#509386&#8243; header_font_size=&#8221;20px&#8221; hover_enabled=&#8221;0&#8243; global_colors_info=&#8221;{}&#8221; theme_builder_area=&#8221;post_content&#8221; sticky_enabled=&#8221;0&#8243;]<\/p>\n<div id=\"comp-lb583k8a\" class=\"KcpHeO tz5f0K comp-lb583k8a wixui-rich-text\" data-testid=\"richTextElement\">\n<table border=\"1\" style=\"width: 100%; border-collapse: collapse;\">\n<tbody>\n<tr>\n<td style=\"width: 50%;\">Szeroko\u015b\u0107 koszenia:<\/td>\n<td style=\"width: 50%;\"><span>18cm<\/span><\/td>\n<\/tr>\n<tr>\n<td style=\"width: 50%;\"><span>Wysoko\u015b\u0107 koszenia:<\/span><\/td>\n<td style=\"width: 50%;\"><span>15 &#8211; 60 mm<\/span><\/td>\n<\/tr>\n<tr>\n<td style=\"width: 50%;\"><span>Rozmiar trawnika:<\/span><\/td>\n<td style=\"width: 50%;\"><span>do 700 m\u00b2<\/span><\/td>\n<\/tr>\n<tr>\n<td style=\"width: 50%;\"><span>7Czas koszenia:<\/span><\/td>\n<td style=\"width: 50%;\"><span>90 min<\/span><\/td>\n<\/tr>\n<tr>\n<td style=\"width: 50%;\"><span>Silnik:<\/span><\/td>\n<td style=\"width: 50%;\"><span>DC Szczotkowy<\/span><\/td>\n<\/tr>\n<tr>\n<td style=\"width: 50%;\"><span>Zu\u017cycie energii:<\/span><\/td>\n<td style=\"width: 50%;\"><span>14 kWh\/miesi\u0119cznie<\/span><\/td>\n<\/tr>\n<\/tbody>\n<\/table>\n<\/div>\n<div id=\"comp-lb585fe7\" class=\"KcpHeO tz5f0K comp-lb585fe7 wixui-rich-text\" data-testid=\"richTextElement\">\n<p class=\"font_8\">\n<\/div>\n<p>[\/et_pb_blurb][\/et_pb_column][et_pb_column type=&#8221;1_2&#8243; _builder_version=&#8221;4.20.0&#8243; _module_preset=&#8221;default&#8221; global_colors_info=&#8221;{}&#8221; theme_builder_area=&#8221;post_content&#8221;][et_pb_image src=&#8221;https:\/\/szpadelek.com.pl\/wp-content\/uploads\/2023\/04\/rt700robomow.webp&#8221; title_text=&#8221;rt700robomow&#8221; _builder_version=&#8221;4.20.2&#8243; _module_preset=&#8221;default&#8221; hover_enabled=&#8221;0&#8243; global_colors_info=&#8221;{}&#8221; theme_builder_area=&#8221;post_content&#8221; sticky_enabled=&#8221;0&#8243; width=&#8221;96%&#8221; module_alignment=&#8221;right&#8221;][\/et_pb_image][\/et_pb_column][\/et_pb_row][\/et_pb_section][et_pb_section fb_built=&#8221;1&#8243; _builder_version=&#8221;4.20.0&#8243; _module_preset=&#8221;default&#8221; custom_margin=&#8221;-1px|||||&#8221; custom_padding=&#8221;11px|||||&#8221; global_colors_info=&#8221;{}&#8221; theme_builder_area=&#8221;post_content&#8221;][\/et_pb_section][et_pb_section fb_built=&#8221;1&#8243; admin_label=&#8221;Subscribe&#8221; _builder_version=&#8221;4.20.0&#8243; background_color=&#8221;#4a9183&#8243; use_background_color_gradient=&#8221;on&#8221; background_color_gradient_direction=&#8221;238deg&#8221; background_color_gradient_stops=&#8221;#2b87da 14%|#29c4a9 100%&#8221; background_enable_image=&#8221;off&#8221; background_video_mp4=&#8221;https:\/\/szpadelek.com.pl\/wp-content\/uploads\/2023\/03\/file.mp4&#8243; custom_margin=&#8221;3%||||false|false&#8221; global_colors_info=&#8221;{}&#8221; theme_builder_area=&#8221;post_content&#8221;][et_pb_row _builder_version=&#8221;4.20.0&#8243; _module_preset=&#8221;default&#8221; global_colors_info=&#8221;{}&#8221; theme_builder_area=&#8221;post_content&#8221;][et_pb_column type=&#8221;4_4&#8243; _builder_version=&#8221;4.20.0&#8243; _module_preset=&#8221;default&#8221; global_colors_info=&#8221;{}&#8221; theme_builder_area=&#8221;post_content&#8221;][et_pb_text _builder_version=&#8221;4.20.0&#8243; _module_preset=&#8221;default&#8221; text_font=&#8221;|600|||||||&#8221; text_text_color=&#8221;#FFFFFF&#8221; text_font_size=&#8221;21px&#8221; text_line_height=&#8221;1em&#8221; text_orientation=&#8221;right&#8221; text_text_shadow_style=&#8221;preset1&#8243; text_text_shadow_color=&#8221;#000000&#8243; global_colors_info=&#8221;{}&#8221; theme_builder_area=&#8221;post_content&#8221;]<\/p>\n<p>Kontakt:<\/p>\n<p>Krzysztof Piotrowski<\/p>\n<p>ogrody.szpadelek@gmail.com<\/p>\n<p>Tel: 515 962 564<\/p>\n<p>[\/et_pb_text][\/et_pb_column][\/et_pb_row][\/et_pb_section]<\/p>\n","protected":false},"excerpt":{"rendered":"<p>Projektowanie i piel\u0119gnacja ogrod\u00f3wRoboty kosz\u0105ceRoboty kosz\u0105ce umo\u017cliwiaj\u0105 stworzenie wspania\u0142ego trawnika bez wi\u0119kszego wysi\u0142ku. Na pa\u0144stwa \u017cyczenie wybierzemy i zainstalujemy odpowiedni model kosiarki robotycznej. Szczeg\u00f3lnie polecamy kosiarki z serii\u00a0Robomow\u00ae, kt\u00f3rych\u00a0g\u0142\u00f3wn\u0105 zalet\u0105 jest funkcja dokaszania kraw\u0119dzi. Opr\u00f3cz tego producent wymienia takie zalety jak: Ustawienie zawracania zapewnia d\u0142u\u017csz\u0105 \u017cywotno\u015b\u0107 kosiarki i szybsze pokrycie terenu Mo\u017cliwo\u015b\u0107 pracy w strefach [&hellip;]<\/p>\n","protected":false},"author":1,"featured_media":0,"parent":40,"menu_order":0,"comment_status":"closed","ping_status":"closed","template":"","meta":{"_et_pb_use_builder":"on","_et_pb_old_content":"","_et_gb_content_width":"","footnotes":""},"class_list":["post-244","page","type-page","status-publish","hentry"],"_links":{"self":[{"href":"https:\/\/szpadelek.com.pl\/index.php\/wp-json\/wp\/v2\/pages\/244","targetHints":{"allow":["GET"]}}],"collection":[{"href":"https:\/\/szpadelek.com.pl\/index.php\/wp-json\/wp\/v2\/pages"}],"about":[{"href":"https:\/\/szpadelek.com.pl\/index.php\/wp-json\/wp\/v2\/types\/page"}],"author":[{"embeddable":true,"href":"https:\/\/szpadelek.com.pl\/index.php\/wp-json\/wp\/v2\/users\/1"}],"replies":[{"embeddable":true,"href":"https:\/\/szpadelek.com.pl\/index.php\/wp-json\/wp\/v2\/comments?post=244"}],"version-history":[{"count":7,"href":"https:\/\/szpadelek.com.pl\/index.php\/wp-json\/wp\/v2\/pages\/244\/revisions"}],"predecessor-version":[{"id":257,"href":"https:\/\/szpadelek.com.pl\/index.php\/wp-json\/wp\/v2\/pages\/244\/revisions\/257"}],"up":[{"embeddable":true,"href":"https:\/\/szpadelek.com.pl\/index.php\/wp-json\/wp\/v2\/pages\/40"}],"wp:attachment":[{"href":"https:\/\/szpadelek.com.pl\/index.php\/wp-json\/wp\/v2\/media?parent=244"}],"curies":[{"name":"wp","href":"https:\/\/api.w.org\/{rel}","templated":true}]}}