{"id":239,"date":"2023-04-05T00:46:35","date_gmt":"2023-04-04T22:46:35","guid":{"rendered":"https:\/\/szpadelek.com.pl\/?page_id=239"},"modified":"2023-04-05T00:47:57","modified_gmt":"2023-04-04T22:47:57","slug":"systemy-nawadniania","status":"publish","type":"page","link":"https:\/\/szpadelek.com.pl\/index.php\/oferta\/systemy-nawadniania\/","title":{"rendered":"Systemy nawadniania"},"content":{"rendered":"<p>[et_pb_section fb_built=&#8221;1&#8243; admin_label=&#8221;Header&#8221; _builder_version=&#8221;4.20.0&#8243; background_color=&#8221;#FFFFFF&#8221; background_enable_image=&#8221;off&#8221; custom_padding=&#8221;4vw|0px|0vw|0px|false|false&#8221; top_divider_style=&#8221;arrow3&#8243; top_divider_color=&#8221;#7CDA24&#8243; top_divider_height=&#8221;24px&#8221; global_colors_info=&#8221;{}&#8221; theme_builder_area=&#8221;post_content&#8221;][et_pb_row _builder_version=&#8221;4.20.0&#8243; custom_padding=&#8221;||26px|||&#8221; global_colors_info=&#8221;{}&#8221; theme_builder_area=&#8221;post_content&#8221;][et_pb_column type=&#8221;4_4&#8243; _builder_version=&#8221;4.20.0&#8243; background_enable_image=&#8221;off&#8221; custom_padding=&#8221;|||&#8221; global_colors_info=&#8221;{}&#8221; custom_padding__hover=&#8221;|||&#8221; theme_builder_area=&#8221;post_content&#8221;][et_pb_image src=&#8221;https:\/\/szpadelek.com.pl\/wp-content\/uploads\/2023\/03\/logo-1.jpg&#8221; alt=&#8221;Logo du\u017ce&#8221; title_text=&#8221;logo&#8221; align=&#8221;center&#8221; _builder_version=&#8221;4.20.0&#8243; _module_preset=&#8221;default&#8221; global_colors_info=&#8221;{}&#8221; theme_builder_area=&#8221;post_content&#8221;][\/et_pb_image][et_pb_text _builder_version=&#8221;4.20.0&#8243; _module_preset=&#8221;default&#8221; text_font=&#8221;Marck Script||||||||&#8221; text_font_size=&#8221;32px&#8221; text_letter_spacing=&#8221;1px&#8221; text_line_height=&#8221;1em&#8221; width=&#8221;100%&#8221; module_alignment=&#8221;left&#8221; custom_margin=&#8221;||||false|false&#8221; text_text_shadow_style=&#8221;preset3&#8243; text_text_shadow_vertical_length=&#8221;0.93em&#8221; global_colors_info=&#8221;{}&#8221; theme_builder_area=&#8221;post_content&#8221;]<\/p>\n<p style=\"text-align: center;\">Projektowanie i piel\u0119gnacja ogrod\u00f3w<\/p>\n<p>[\/et_pb_text][et_pb_text _builder_version=&#8221;4.20.2&#8243; _module_preset=&#8221;default&#8221; text_text_color=&#8221;#8cc922&#8243; text_font_size=&#8221;31px&#8221; header_text_color=&#8221;#4a9183&#8243; module_alignment=&#8221;center&#8221; custom_padding=&#8221;13%||||false|false&#8221; hover_enabled=&#8221;0&#8243; global_colors_info=&#8221;{}&#8221; theme_builder_area=&#8221;post_content&#8221; sticky_enabled=&#8221;0&#8243;]<\/p>\n<p style=\"text-align: center;\">Systemy nawadniania<\/p>\n<p>[\/et_pb_text][et_pb_divider color=&#8221;#8cc922&#8243; divider_weight=&#8221;3px&#8221; _builder_version=&#8221;4.20.0&#8243; _module_preset=&#8221;default&#8221; width=&#8221;20%&#8221; module_alignment=&#8221;center&#8221; global_colors_info=&#8221;{}&#8221; theme_builder_area=&#8221;post_content&#8221;][\/et_pb_divider][\/et_pb_column][\/et_pb_row][\/et_pb_section][et_pb_section fb_built=&#8221;1&#8243; _builder_version=&#8221;4.20.0&#8243; _module_preset=&#8221;default&#8221; width=&#8221;100%&#8221; max_width=&#8221;100%&#8221; min_height=&#8221;80px&#8221; custom_padding=&#8221;0px|||||&#8221; global_colors_info=&#8221;{}&#8221; theme_builder_area=&#8221;post_content&#8221;][et_pb_row _builder_version=&#8221;4.20.2&#8243; _module_preset=&#8221;default&#8221; global_colors_info=&#8221;{}&#8221; theme_builder_area=&#8221;post_content&#8221;][et_pb_column type=&#8221;4_4&#8243; _builder_version=&#8221;4.20.2&#8243; _module_preset=&#8221;default&#8221; global_colors_info=&#8221;{}&#8221; theme_builder_area=&#8221;post_content&#8221;][et_pb_text _builder_version=&#8221;4.20.2&#8243; _module_preset=&#8221;default&#8221; hover_enabled=&#8221;0&#8243; global_colors_info=&#8221;{}&#8221; theme_builder_area=&#8221;post_content&#8221; sticky_enabled=&#8221;0&#8243;]<\/p>\n<p class=\"font_8\">Automatyczny system zraszaczy pomaga zachowa\u0107 zdrowy, pi\u0119kny teren zielony. Jest to najwygodniejszy i najbardziej efektywny spos\u00f3b nawadniania w odpowiedniej ilo\u015bci. Przy prawid\u0142owym zainstalowaniu i konserwacji automatyczny system zraszaczy pomo\u017ce r\u00f3wnie\u017c oszcz\u0119dza\u0107 wod\u0119.<\/p>\n<p class=\"font_8\"><span class=\"wixGuard\">\u200b<\/span><\/p>\n<p class=\"font_8\">Rain Bird ma ofercie ponad 4000 produkt\u00f3w.<\/p>\n<p class=\"font_8\">Do g\u0142\u00f3wnych grup produkt\u00f3w tej firmy nale\u017c\u0105:<\/p>\n<ul class=\"font_8\">\n<li>\n<p class=\"font_8\">Czerpaki filtracji<\/p>\n<\/li>\n<li>\n<p class=\"font_8\">Sterowniki nawadniania<\/p>\n<\/li>\n<li>\n<p class=\"font_8\">Zraszacze rotacyjne<\/p>\n<\/li>\n<li>\n<p class=\"font_8\">Zraszacze impaktowe<\/p>\n<\/li>\n<li>\n<p class=\"font_8\">G\u0142owice deszczuj\u0105ce<\/p>\n<\/li>\n<li>\n<p class=\"font_8\">Dysze do g\u0142owic deszczuj\u0105cych<\/p>\n<\/li>\n<li>\n<p class=\"font_8\">Zawory<\/p>\n<\/li>\n<li>\n<p class=\"font_8\">Skrzynki zaworowe<\/p>\n<\/li>\n<li>\n<p class=\"font_8\">Linie kropluj\u0105ce<\/p>\n<\/li>\n<\/ul>\n<p>[\/et_pb_text][\/et_pb_column][\/et_pb_row][\/et_pb_section][et_pb_section fb_built=&#8221;1&#8243; _builder_version=&#8221;4.20.0&#8243; _module_preset=&#8221;default&#8221; width=&#8221;100%&#8221; max_width=&#8221;100%&#8221; min_height=&#8221;80px&#8221; custom_padding=&#8221;0px|||||&#8221; global_colors_info=&#8221;{}&#8221; theme_builder_area=&#8221;post_content&#8221;][et_pb_row _builder_version=&#8221;4.20.2&#8243; _module_preset=&#8221;default&#8221; theme_builder_area=&#8221;post_content&#8221;][et_pb_column _builder_version=&#8221;4.20.2&#8243; _module_preset=&#8221;default&#8221; type=&#8221;4_4&#8243; theme_builder_area=&#8221;post_content&#8221;][et_pb_video src=&#8221;https:\/\/www.youtube.com\/watch?v=4wwu9T6Va-A&#038;t=9s&#8221; _builder_version=&#8221;4.20.2&#8243; _module_preset=&#8221;default&#8221; theme_builder_area=&#8221;post_content&#8221; width=&#8221;60%&#8221; module_alignment=&#8221;center&#8221; hover_enabled=&#8221;0&#8243; sticky_enabled=&#8221;0&#8243;][\/et_pb_video][et_pb_video src=&#8221;https:\/\/www.youtube.com\/watch?v=M2_zIxkX17A&#038;t=2s&#8221; _builder_version=&#8221;4.20.2&#8243; _module_preset=&#8221;default&#8221; theme_builder_area=&#8221;post_content&#8221; width=&#8221;60%&#8221; module_alignment=&#8221;center&#8221; hover_enabled=&#8221;0&#8243; sticky_enabled=&#8221;0&#8243;][\/et_pb_video][\/et_pb_column][\/et_pb_row][\/et_pb_section][et_pb_section fb_built=&#8221;1&#8243; admin_label=&#8221;Subscribe&#8221; _builder_version=&#8221;4.20.0&#8243; background_color=&#8221;#4a9183&#8243; use_background_color_gradient=&#8221;on&#8221; background_color_gradient_direction=&#8221;238deg&#8221; background_color_gradient_stops=&#8221;#2b87da 14%|#29c4a9 100%&#8221; background_enable_image=&#8221;off&#8221; background_video_mp4=&#8221;https:\/\/szpadelek.com.pl\/wp-content\/uploads\/2023\/03\/file.mp4&#8243; custom_margin=&#8221;3%||||false|false&#8221; global_colors_info=&#8221;{}&#8221; theme_builder_area=&#8221;post_content&#8221;][et_pb_row _builder_version=&#8221;4.20.0&#8243; _module_preset=&#8221;default&#8221; global_colors_info=&#8221;{}&#8221; theme_builder_area=&#8221;post_content&#8221;][et_pb_column type=&#8221;4_4&#8243; _builder_version=&#8221;4.20.0&#8243; _module_preset=&#8221;default&#8221; global_colors_info=&#8221;{}&#8221; theme_builder_area=&#8221;post_content&#8221;][et_pb_text _builder_version=&#8221;4.20.0&#8243; _module_preset=&#8221;default&#8221; text_font=&#8221;|600|||||||&#8221; text_text_color=&#8221;#FFFFFF&#8221; text_font_size=&#8221;21px&#8221; text_line_height=&#8221;1em&#8221; text_orientation=&#8221;right&#8221; text_text_shadow_style=&#8221;preset1&#8243; text_text_shadow_color=&#8221;#000000&#8243; global_colors_info=&#8221;{}&#8221; theme_builder_area=&#8221;post_content&#8221;]<\/p>\n<p>Kontakt:<\/p>\n<p>Krzysztof Piotrowski<\/p>\n<p>ogrody.szpadelek@gmail.com<\/p>\n<p>Tel: 515 962 564<\/p>\n<p>[\/et_pb_text][\/et_pb_column][\/et_pb_row][\/et_pb_section]<\/p>\n","protected":false},"excerpt":{"rendered":"<p>Projektowanie i piel\u0119gnacja ogrod\u00f3wSystemy nawadnianiaAutomatyczny system zraszaczy pomaga zachowa\u0107 zdrowy, pi\u0119kny teren zielony. Jest to najwygodniejszy i najbardziej efektywny spos\u00f3b nawadniania w odpowiedniej ilo\u015bci. Przy prawid\u0142owym zainstalowaniu i konserwacji automatyczny system zraszaczy pomo\u017ce r\u00f3wnie\u017c oszcz\u0119dza\u0107 wod\u0119. \u200b Rain Bird ma ofercie ponad 4000 produkt\u00f3w. Do g\u0142\u00f3wnych grup produkt\u00f3w tej firmy nale\u017c\u0105: Czerpaki filtracji Sterowniki nawadniania [&hellip;]<\/p>\n","protected":false},"author":1,"featured_media":0,"parent":40,"menu_order":0,"comment_status":"closed","ping_status":"closed","template":"","meta":{"_et_pb_use_builder":"on","_et_pb_old_content":"","_et_gb_content_width":"","footnotes":""},"class_list":["post-239","page","type-page","status-publish","hentry"],"_links":{"self":[{"href":"https:\/\/szpadelek.com.pl\/index.php\/wp-json\/wp\/v2\/pages\/239","targetHints":{"allow":["GET"]}}],"collection":[{"href":"https:\/\/szpadelek.com.pl\/index.php\/wp-json\/wp\/v2\/pages"}],"about":[{"href":"https:\/\/szpadelek.com.pl\/index.php\/wp-json\/wp\/v2\/types\/page"}],"author":[{"embeddable":true,"href":"https:\/\/szpadelek.com.pl\/index.php\/wp-json\/wp\/v2\/users\/1"}],"replies":[{"embeddable":true,"href":"https:\/\/szpadelek.com.pl\/index.php\/wp-json\/wp\/v2\/comments?post=239"}],"version-history":[{"count":3,"href":"https:\/\/szpadelek.com.pl\/index.php\/wp-json\/wp\/v2\/pages\/239\/revisions"}],"predecessor-version":[{"id":243,"href":"https:\/\/szpadelek.com.pl\/index.php\/wp-json\/wp\/v2\/pages\/239\/revisions\/243"}],"up":[{"embeddable":true,"href":"https:\/\/szpadelek.com.pl\/index.php\/wp-json\/wp\/v2\/pages\/40"}],"wp:attachment":[{"href":"https:\/\/szpadelek.com.pl\/index.php\/wp-json\/wp\/v2\/media?parent=239"}],"curies":[{"name":"wp","href":"https:\/\/api.w.org\/{rel}","templated":true}]}}