{"id":230,"date":"2023-04-05T00:26:51","date_gmt":"2023-04-04T22:26:51","guid":{"rendered":"https:\/\/szpadelek.com.pl\/?page_id=230"},"modified":"2023-04-05T00:39:11","modified_gmt":"2023-04-04T22:39:11","slug":"oswietlenie-ogrodowe-2","status":"publish","type":"page","link":"https:\/\/szpadelek.com.pl\/index.php\/oferta\/oswietlenie-ogrodowe-2\/","title":{"rendered":"O\u015bwietlenie ogrodowe"},"content":{"rendered":"<p>[et_pb_section fb_built=&#8221;1&#8243; admin_label=&#8221;Header&#8221; _builder_version=&#8221;4.20.0&#8243; background_color=&#8221;#FFFFFF&#8221; background_enable_image=&#8221;off&#8221; custom_padding=&#8221;4vw|0px|0vw|0px|false|false&#8221; top_divider_style=&#8221;arrow3&#8243; top_divider_color=&#8221;#7CDA24&#8243; top_divider_height=&#8221;24px&#8221; global_colors_info=&#8221;{}&#8221;][et_pb_row _builder_version=&#8221;4.20.0&#8243; custom_padding=&#8221;||26px|||&#8221; global_colors_info=&#8221;{}&#8221;][et_pb_column type=&#8221;4_4&#8243; _builder_version=&#8221;4.20.0&#8243; background_enable_image=&#8221;off&#8221; custom_padding=&#8221;|||&#8221; global_colors_info=&#8221;{}&#8221; custom_padding__hover=&#8221;|||&#8221;][et_pb_image src=&#8221;https:\/\/szpadelek.com.pl\/wp-content\/uploads\/2023\/03\/logo-1.jpg&#8221; alt=&#8221;Logo du\u017ce&#8221; title_text=&#8221;logo&#8221; align=&#8221;center&#8221; _builder_version=&#8221;4.20.0&#8243; _module_preset=&#8221;default&#8221; global_colors_info=&#8221;{}&#8221;][\/et_pb_image][et_pb_text _builder_version=&#8221;4.20.0&#8243; _module_preset=&#8221;default&#8221; text_font=&#8221;Marck Script||||||||&#8221; text_font_size=&#8221;32px&#8221; text_letter_spacing=&#8221;1px&#8221; text_line_height=&#8221;1em&#8221; width=&#8221;100%&#8221; module_alignment=&#8221;left&#8221; custom_margin=&#8221;||||false|false&#8221; text_text_shadow_style=&#8221;preset3&#8243; text_text_shadow_vertical_length=&#8221;0.93em&#8221; global_colors_info=&#8221;{}&#8221;]<\/p>\n<p style=\"text-align: center;\">Projektowanie i piel\u0119gnacja ogrod\u00f3w<\/p>\n<p>[\/et_pb_text][et_pb_text _builder_version=&#8221;4.20.2&#8243; _module_preset=&#8221;default&#8221; text_text_color=&#8221;#8cc922&#8243; text_font_size=&#8221;31px&#8221; header_text_color=&#8221;#4a9183&#8243; module_alignment=&#8221;center&#8221; custom_padding=&#8221;13%||||false|false&#8221; global_colors_info=&#8221;{}&#8221;]<\/p>\n<p style=\"text-align: center;\">O\u015bwietlenie ogrodu<\/p>\n<p>[\/et_pb_text][et_pb_divider color=&#8221;#8cc922&#8243; divider_weight=&#8221;3px&#8221; _builder_version=&#8221;4.20.0&#8243; _module_preset=&#8221;default&#8221; width=&#8221;20%&#8221; module_alignment=&#8221;center&#8221; global_colors_info=&#8221;{}&#8221;][\/et_pb_divider][\/et_pb_column][\/et_pb_row][\/et_pb_section][et_pb_section fb_built=&#8221;1&#8243; _builder_version=&#8221;4.20.0&#8243; _module_preset=&#8221;default&#8221; width=&#8221;100%&#8221; max_width=&#8221;100%&#8221; min_height=&#8221;80px&#8221; custom_padding=&#8221;0px|||||&#8221; global_colors_info=&#8221;{}&#8221;][et_pb_row _builder_version=&#8221;4.20.2&#8243; _module_preset=&#8221;default&#8221; global_colors_info=&#8221;{}&#8221;][et_pb_column type=&#8221;4_4&#8243; _builder_version=&#8221;4.20.2&#8243; _module_preset=&#8221;default&#8221; global_colors_info=&#8221;{}&#8221;][et_pb_text _builder_version=&#8221;4.20.2&#8243; _module_preset=&#8221;default&#8221; global_colors_info=&#8221;{}&#8221;]<\/p>\n<p class=\"font_8\"><span>Wa\u017cn\u0105 cz\u0119\u015bci\u0105 ka\u017cdego wn\u0119trza ogrodowego jest odpowiednie o\u015bwietlenie. Zwi\u0119ksza nie tylko funkcjonalno\u015b\u0107, ale r\u00f3wnie\u017c walory estetyczne ogrodu. Prawid\u0142owo dobrane lampy mog\u0105 stanowi\u0107 dekoracj\u0119 sam\u0105 w sobie.<\/span><\/p>\n<p class=\"font_8\"><span><span class=\"wixGuard\">\u200b<\/span><\/span><\/p>\n<p class=\"font_8\"><span>Najlepsze wra\u017cenia wizualne sprawia o\u015bwietlenie:<\/span><\/p>\n<ul class=\"font_8\">\n<li>\n<p class=\"font_8\"><span>Obiekt\u00f3w architektonicznych, takich jak altana lub taras<\/span><\/p>\n<\/li>\n<li>\n<p class=\"font_8\"><span>Ro\u015blin<\/span><\/p>\n<\/li>\n<li>\n<p class=\"font_8\"><span>\u015acie\u017cek<\/span><\/p>\n<\/li>\n<li>\n<p class=\"font_8\"><span>Element\u00f3w wodnych<\/span><\/p>\n<\/li>\n<\/ul>\n<p class=\"font_8\"><span><span class=\"wixGuard\">\u200b<\/span><\/span><\/p>\n<p class=\"font_8\"><span>Wsp\u00f3\u0142pracujemy z markami takimi jak:\u00a0<span class=\"color_34\">Norlys,\u00a0Kohl Lighting,\u00a0SLV Lighting<\/span><\/span><\/p>\n<p>[\/et_pb_text][\/et_pb_column][\/et_pb_row][\/et_pb_section][et_pb_section fb_built=&#8221;1&#8243; _builder_version=&#8221;4.20.0&#8243; _module_preset=&#8221;default&#8221; width=&#8221;100%&#8221; max_width=&#8221;100%&#8221; min_height=&#8221;80px&#8221; custom_padding=&#8221;0px|||||&#8221; global_colors_info=&#8221;{}&#8221;][et_pb_row column_structure=&#8221;1_2,1_2&#8243; _builder_version=&#8221;4.20.0&#8243; _module_preset=&#8221;default&#8221; custom_margin=&#8221;-4px|auto||auto||&#8221; global_colors_info=&#8221;{}&#8221;][et_pb_column type=&#8221;1_2&#8243; _builder_version=&#8221;4.20.2&#8243; _module_preset=&#8221;default&#8221; global_colors_info=&#8221;{}&#8221;][et_pb_blurb title=&#8221;Norlys&#8221; _builder_version=&#8221;4.20.2&#8243; _module_preset=&#8221;default&#8221; header_text_align=&#8221;left&#8221; header_text_color=&#8221;#509386&#8243; header_font_size=&#8221;20px&#8221; global_colors_info=&#8221;{}&#8221;]<\/p>\n<p class=\"font_8\">Jest to polska firma z mi\u0119dzynarodowymi sukcesami.<\/p>\n<p class=\"font_8\">Oferuje lampy w kategoriach:<\/p>\n<ul class=\"font_8\">\n<li>\n<p class=\"font_8\">S\u0142upkowe<\/p>\n<\/li>\n<li>\n<p class=\"font_8\">S\u0142upowe<\/p>\n<\/li>\n<li>\n<p class=\"font_8\">\u015acienne<\/p>\n<\/li>\n<li>\n<p class=\"font_8\">Stropowe<\/p>\n<\/li>\n<li>\n<p class=\"font_8\">Wbudowane\/reflektory<\/p>\n<\/li>\n<\/ul>\n<p>[\/et_pb_blurb][\/et_pb_column][et_pb_column type=&#8221;1_2&#8243; _builder_version=&#8221;4.20.0&#8243; _module_preset=&#8221;default&#8221; global_colors_info=&#8221;{}&#8221;][et_pb_blurb title=&#8221;KATALOG 2022&#8243; url=&#8221;https:\/\/norlys.pl\/upload\/catalog\/2022_05_13_14_37_53_35468.pdf&#8221; url_new_window=&#8221;on&#8221; image=&#8221;https:\/\/szpadelek.com.pl\/wp-content\/uploads\/2023\/04\/norlys_oswietlenie_katalog_2022.png&#8221; _builder_version=&#8221;4.20.2&#8243; _module_preset=&#8221;default&#8221; text_orientation=&#8221;center&#8221; width=&#8221;38%&#8221; module_alignment=&#8221;center&#8221; link_option_url=&#8221;https:\/\/wixlabs-pdf-dev.appspot.com\/assets\/pdfjs\/web\/viewer.html?file=%2Fpdfproxy%3Finstance%3DcWWv_1Q3Cv4z_NCsoMR4_WCRMauTlzJxE0rh5B8Vedg.eyJpbnN0YW5jZUlkIjoiODM5ZTc2MGItMGUwYi00ZjBiLWEwMzEtYzQyNjY4MWQ4NGZiIiwiYXBwRGVmSWQiOiIxM2VlMTBhMy1lY2I5LTdlZmYtNDI5OC1kMmY5ZjM0YWNmMGQiLCJtZXRhU2l0ZUlkIjoiMTJhODY0YzYtZGZjYi00ZGU4LTA3ZWYtMWE1MTgyN2U4YTBmIiwic2lnbkRhdGUiOiIyMDIzLTA0LTA0VDIxOjI3OjI1Ljc1N1oiLCJkZW1vTW9kZSI6ZmFsc2UsImFpZCI6ImQ1ODVjNmE4LTg5ZDMtNDdmYy1iYTU2LTM1MGRjZDA0MWIyZSIsImJpVG9rZW4iOiI5MTM2MTJjZC1kMWMwLTAyZTMtYTdkZS1kZTc3ZWE2MzBlZjQiLCJzaXRlT3duZXJJZCI6ImI4NDIwM2ExLWJmYzktNDcwOS1hYTg1LWIwNmZjMGIyMDM5ZSJ9%26compId%3Dcomp-lb69vndy%26url%3Dhttps%3A%2F%2Fdocs.wixstatic.com%2Fugd%2Fba8bf1_8e69a336c5d7456fa47560f8f0dde5c4.pdf#page=1&#038;links=true&#038;originalFileName=katalog_norlys2022&#038;locale=pl&#038;allowDownload=true&#038;allowPrinting=true&#8221; hover_enabled=&#8221;0&#8243; global_colors_info=&#8221;{}&#8221; link_option_url_new_window=&#8221;on&#8221; sticky_enabled=&#8221;0&#8243;][\/et_pb_blurb][\/et_pb_column][\/et_pb_row][\/et_pb_section][et_pb_section fb_built=&#8221;1&#8243; _builder_version=&#8221;4.20.0&#8243; _module_preset=&#8221;default&#8221; custom_margin=&#8221;-1px|||||&#8221; custom_padding=&#8221;11px|||||&#8221; global_colors_info=&#8221;{}&#8221;][\/et_pb_section][et_pb_section fb_built=&#8221;1&#8243; admin_label=&#8221;Subscribe&#8221; _builder_version=&#8221;4.20.0&#8243; background_color=&#8221;#4a9183&#8243; use_background_color_gradient=&#8221;on&#8221; background_color_gradient_direction=&#8221;238deg&#8221; background_color_gradient_stops=&#8221;#2b87da 14%|#29c4a9 100%&#8221; background_enable_image=&#8221;off&#8221; background_video_mp4=&#8221;https:\/\/szpadelek.com.pl\/wp-content\/uploads\/2023\/03\/file.mp4&#8243; custom_margin=&#8221;3%||||false|false&#8221; global_colors_info=&#8221;{}&#8221;][et_pb_row _builder_version=&#8221;4.20.0&#8243; _module_preset=&#8221;default&#8221; global_colors_info=&#8221;{}&#8221;][et_pb_column type=&#8221;4_4&#8243; _builder_version=&#8221;4.20.0&#8243; _module_preset=&#8221;default&#8221; global_colors_info=&#8221;{}&#8221;][et_pb_text _builder_version=&#8221;4.20.0&#8243; _module_preset=&#8221;default&#8221; text_font=&#8221;|600|||||||&#8221; text_text_color=&#8221;#FFFFFF&#8221; text_font_size=&#8221;21px&#8221; text_line_height=&#8221;1em&#8221; text_orientation=&#8221;right&#8221; text_text_shadow_style=&#8221;preset1&#8243; text_text_shadow_color=&#8221;#000000&#8243; global_colors_info=&#8221;{}&#8221;]<\/p>\n<p>Kontakt:<\/p>\n<p>Krzysztof Piotrowski<\/p>\n<p>ogrody.szpadelek@gmail.com<\/p>\n<p>Tel: 515 962 564<\/p>\n<p>[\/et_pb_text][\/et_pb_column][\/et_pb_row][\/et_pb_section]<\/p>\n","protected":false},"excerpt":{"rendered":"<p>Projektowanie i piel\u0119gnacja ogrod\u00f3wO\u015bwietlenie ogroduWa\u017cn\u0105 cz\u0119\u015bci\u0105 ka\u017cdego wn\u0119trza ogrodowego jest odpowiednie o\u015bwietlenie. Zwi\u0119ksza nie tylko funkcjonalno\u015b\u0107, ale r\u00f3wnie\u017c walory estetyczne ogrodu. Prawid\u0142owo dobrane lampy mog\u0105 stanowi\u0107 dekoracj\u0119 sam\u0105 w sobie. \u200b Najlepsze wra\u017cenia wizualne sprawia o\u015bwietlenie: Obiekt\u00f3w architektonicznych, takich jak altana lub taras Ro\u015blin \u015acie\u017cek Element\u00f3w wodnych \u200b Wsp\u00f3\u0142pracujemy z markami takimi jak:\u00a0Norlys,\u00a0Kohl Lighting,\u00a0SLV LightingJest [&hellip;]<\/p>\n","protected":false},"author":1,"featured_media":0,"parent":40,"menu_order":0,"comment_status":"closed","ping_status":"closed","template":"","meta":{"_et_pb_use_builder":"on","_et_pb_old_content":"","_et_gb_content_width":"","footnotes":""},"class_list":["post-230","page","type-page","status-publish","hentry"],"_links":{"self":[{"href":"https:\/\/szpadelek.com.pl\/index.php\/wp-json\/wp\/v2\/pages\/230","targetHints":{"allow":["GET"]}}],"collection":[{"href":"https:\/\/szpadelek.com.pl\/index.php\/wp-json\/wp\/v2\/pages"}],"about":[{"href":"https:\/\/szpadelek.com.pl\/index.php\/wp-json\/wp\/v2\/types\/page"}],"author":[{"embeddable":true,"href":"https:\/\/szpadelek.com.pl\/index.php\/wp-json\/wp\/v2\/users\/1"}],"replies":[{"embeddable":true,"href":"https:\/\/szpadelek.com.pl\/index.php\/wp-json\/wp\/v2\/comments?post=230"}],"version-history":[{"count":4,"href":"https:\/\/szpadelek.com.pl\/index.php\/wp-json\/wp\/v2\/pages\/230\/revisions"}],"predecessor-version":[{"id":238,"href":"https:\/\/szpadelek.com.pl\/index.php\/wp-json\/wp\/v2\/pages\/230\/revisions\/238"}],"up":[{"embeddable":true,"href":"https:\/\/szpadelek.com.pl\/index.php\/wp-json\/wp\/v2\/pages\/40"}],"wp:attachment":[{"href":"https:\/\/szpadelek.com.pl\/index.php\/wp-json\/wp\/v2\/media?parent=230"}],"curies":[{"name":"wp","href":"https:\/\/api.w.org\/{rel}","templated":true}]}}