{"id":218,"date":"2023-04-04T02:24:03","date_gmt":"2023-04-04T00:24:03","guid":{"rendered":"https:\/\/szpadelek.com.pl\/?page_id=218"},"modified":"2023-04-04T02:37:21","modified_gmt":"2023-04-04T00:37:21","slug":"trawa-z-rolki","status":"publish","type":"page","link":"https:\/\/szpadelek.com.pl\/index.php\/oferta\/trawa-z-rolki\/","title":{"rendered":"Trawa z rolki"},"content":{"rendered":"<p>[et_pb_section fb_built=&#8221;1&#8243; admin_label=&#8221;Header&#8221; _builder_version=&#8221;4.20.0&#8243; background_color=&#8221;#FFFFFF&#8221; background_enable_image=&#8221;off&#8221; custom_padding=&#8221;4vw|0px|0vw|0px|false|false&#8221; top_divider_style=&#8221;arrow3&#8243; top_divider_color=&#8221;#7CDA24&#8243; top_divider_height=&#8221;24px&#8221; global_colors_info=&#8221;{}&#8221;][et_pb_row _builder_version=&#8221;4.20.0&#8243; custom_padding=&#8221;||26px|||&#8221; global_colors_info=&#8221;{}&#8221;][et_pb_column type=&#8221;4_4&#8243; _builder_version=&#8221;4.20.0&#8243; background_enable_image=&#8221;off&#8221; custom_padding=&#8221;|||&#8221; global_colors_info=&#8221;{}&#8221; custom_padding__hover=&#8221;|||&#8221;][et_pb_image src=&#8221;https:\/\/szpadelek.com.pl\/wp-content\/uploads\/2023\/03\/logo-1.jpg&#8221; alt=&#8221;Logo du\u017ce&#8221; title_text=&#8221;logo&#8221; align=&#8221;center&#8221; _builder_version=&#8221;4.20.0&#8243; _module_preset=&#8221;default&#8221; global_colors_info=&#8221;{}&#8221;][\/et_pb_image][et_pb_text _builder_version=&#8221;4.20.0&#8243; _module_preset=&#8221;default&#8221; text_font=&#8221;Marck Script||||||||&#8221; text_font_size=&#8221;32px&#8221; text_letter_spacing=&#8221;1px&#8221; text_line_height=&#8221;1em&#8221; width=&#8221;100%&#8221; module_alignment=&#8221;left&#8221; custom_margin=&#8221;||||false|false&#8221; text_text_shadow_style=&#8221;preset3&#8243; text_text_shadow_vertical_length=&#8221;0.93em&#8221; global_colors_info=&#8221;{}&#8221;]<\/p>\n<p style=\"text-align: center;\">Projektowanie i piel\u0119gnacja ogrod\u00f3w<\/p>\n<p>[\/et_pb_text][et_pb_text _builder_version=&#8221;4.20.2&#8243; _module_preset=&#8221;default&#8221; text_text_color=&#8221;#8cc922&#8243; text_font_size=&#8221;31px&#8221; header_text_color=&#8221;#4a9183&#8243; module_alignment=&#8221;center&#8221; custom_padding=&#8221;13%||||false|false&#8221; hover_enabled=&#8221;0&#8243; global_colors_info=&#8221;{}&#8221; sticky_enabled=&#8221;0&#8243;]<\/p>\n<p style=\"text-align: center;\">Trawa z rolki<\/p>\n<p>[\/et_pb_text][et_pb_divider color=&#8221;#8cc922&#8243; divider_weight=&#8221;3px&#8221; _builder_version=&#8221;4.20.0&#8243; _module_preset=&#8221;default&#8221; width=&#8221;20%&#8221; module_alignment=&#8221;center&#8221; global_colors_info=&#8221;{}&#8221;][\/et_pb_divider][\/et_pb_column][\/et_pb_row][\/et_pb_section][et_pb_section fb_built=&#8221;1&#8243; _builder_version=&#8221;4.20.0&#8243; _module_preset=&#8221;default&#8221; width=&#8221;100%&#8221; max_width=&#8221;100%&#8221; min_height=&#8221;80px&#8221; custom_padding=&#8221;0px|||||&#8221; global_colors_info=&#8221;{}&#8221;][et_pb_row _builder_version=&#8221;4.20.0&#8243; _module_preset=&#8221;default&#8221; custom_margin=&#8221;-4px|auto||auto||&#8221; global_colors_info=&#8221;{}&#8221; column_structure=&#8221;1_4,3_4&#8243;][et_pb_column type=&#8221;1_4&#8243; _builder_version=&#8221;4.20.0&#8243; _module_preset=&#8221;default&#8221; global_colors_info=&#8221;{}&#8221;][et_pb_image src=&#8221;https:\/\/szpadelek.com.pl\/wp-content\/uploads\/2023\/04\/trawa-z-rolki_jpg.jpg&#8221; _builder_version=&#8221;4.20.2&#8243; _module_preset=&#8221;default&#8221; title_text=&#8221;trawa z rolki_jpg&#8221; hover_enabled=&#8221;0&#8243; sticky_enabled=&#8221;0&#8243; align=&#8221;right&#8221;][\/et_pb_image][\/et_pb_column][et_pb_column type=&#8221;3_4&#8243; _builder_version=&#8221;4.20.0&#8243; _module_preset=&#8221;default&#8221; global_colors_info=&#8221;{}&#8221;][et_pb_blurb title=&#8221; Najwa\u017cniejsze zalety oferowanej przez nas trawy z rolki:&#8221; _builder_version=&#8221;4.20.2&#8243; _module_preset=&#8221;default&#8221; title_text=&#8221;trawa z rolki_jpg&#8221; hover_enabled=&#8221;0&#8243; sticky_enabled=&#8221;0&#8243; icon_placement=&#8221;left&#8221; box_shadow_style_image=&#8221;preset1&#8243; image_icon_width=&#8221;109px&#8221; module_alignment=&#8221;left&#8221;]<\/p>\n<ul class=\"font_8\">\n<li>\n<p class=\"font_8\">Starannie wyselekcjonowane gatunki trawy,<\/p>\n<\/li>\n<li>\n<p class=\"font_8\">Szybki monta\u017c i mo\u017cliwo\u015b\u0107 po\u0142o\u017cenia jej o ka\u017cdej porze roku,<\/p>\n<\/li>\n<li>\n<p class=\"font_8\">Trawa wycinana jest z gruntu, uprawiana na plantacji od 12 do 18 miesi\u0119cy, posiada zwarty i mocny system korzeniowy,<\/p>\n<\/li>\n<li>\n<p class=\"font_8\">Szybko si\u0119 ukorzenia.<\/p>\n<\/li>\n<\/ul>\n<p>[\/et_pb_blurb][\/et_pb_column][\/et_pb_row][et_pb_row _builder_version=&#8221;4.20.2&#8243; _module_preset=&#8221;default&#8221; custom_margin=&#8221;-4px|auto||auto||&#8221; hover_enabled=&#8221;0&#8243; global_colors_info=&#8221;{}&#8221; column_structure=&#8221;1_4,3_4&#8243; sticky_enabled=&#8221;0&#8243;][et_pb_column type=&#8221;1_4&#8243; _builder_version=&#8221;4.20.0&#8243; _module_preset=&#8221;default&#8221; global_colors_info=&#8221;{}&#8221;][et_pb_image src=&#8221;https:\/\/szpadelek.com.pl\/wp-content\/uploads\/2023\/04\/paleta-trawy-z-rolki_jpg.jpg&#8221; _builder_version=&#8221;4.20.2&#8243; _module_preset=&#8221;default&#8221; title_text=&#8221;paleta trawy z rolki_jpg&#8221; hover_enabled=&#8221;0&#8243; sticky_enabled=&#8221;0&#8243; module_alignment=&#8221;right&#8221; align=&#8221;right&#8221;][\/et_pb_image][\/et_pb_column][et_pb_column type=&#8221;3_4&#8243; _builder_version=&#8221;4.20.0&#8243; _module_preset=&#8221;default&#8221; global_colors_info=&#8221;{}&#8221;][et_pb_blurb title=&#8221; Charakterystyka:&#8221; _builder_version=&#8221;4.20.2&#8243; _module_preset=&#8221;default&#8221; title_text=&#8221;trawa z rolki_jpg&#8221; hover_enabled=&#8221;0&#8243; sticky_enabled=&#8221;0&#8243; icon_placement=&#8221;left&#8221; box_shadow_style_image=&#8221;preset1&#8243; image_icon_width=&#8221;109px&#8221;]<\/p>\n<ul class=\"font_8\">\n<li>\n<p class=\"font_8\">Wymiary rolki: 0,6m x 1,6m,<\/p>\n<\/li>\n<li>\n<p class=\"font_8\">Waga: 20-25 kg,<\/p>\n<\/li>\n<li>\n<p class=\"font_8\">Uprawiana w gruncie minimum 12 miesi\u0119cy,<\/p>\n<\/li>\n<li>\n<p class=\"font_8\">Zwarta, g\u0119sta dar\u0144.<\/p>\n<\/li>\n<\/ul>\n<p>[\/et_pb_blurb][\/et_pb_column][\/et_pb_row][\/et_pb_section][et_pb_section fb_built=&#8221;1&#8243; _builder_version=&#8221;4.20.0&#8243; _module_preset=&#8221;default&#8221; custom_margin=&#8221;-1px|||||&#8221; custom_padding=&#8221;11px|||||&#8221; global_colors_info=&#8221;{}&#8221;][\/et_pb_section][et_pb_section fb_built=&#8221;1&#8243; admin_label=&#8221;Subscribe&#8221; _builder_version=&#8221;4.20.0&#8243; background_color=&#8221;#4a9183&#8243; use_background_color_gradient=&#8221;on&#8221; background_color_gradient_direction=&#8221;238deg&#8221; background_color_gradient_stops=&#8221;#2b87da 14%|#29c4a9 100%&#8221; background_enable_image=&#8221;off&#8221; background_video_mp4=&#8221;https:\/\/szpadelek.com.pl\/wp-content\/uploads\/2023\/03\/file.mp4&#8243; custom_margin=&#8221;3%||||false|false&#8221; global_colors_info=&#8221;{}&#8221;][et_pb_row _builder_version=&#8221;4.20.0&#8243; _module_preset=&#8221;default&#8221; global_colors_info=&#8221;{}&#8221;][et_pb_column type=&#8221;4_4&#8243; _builder_version=&#8221;4.20.0&#8243; _module_preset=&#8221;default&#8221; global_colors_info=&#8221;{}&#8221;][et_pb_text _builder_version=&#8221;4.20.0&#8243; _module_preset=&#8221;default&#8221; text_font=&#8221;|600|||||||&#8221; text_text_color=&#8221;#FFFFFF&#8221; text_font_size=&#8221;21px&#8221; text_line_height=&#8221;1em&#8221; text_orientation=&#8221;right&#8221; text_text_shadow_style=&#8221;preset1&#8243; text_text_shadow_color=&#8221;#000000&#8243; global_colors_info=&#8221;{}&#8221;]<\/p>\n<p>Kontakt:<\/p>\n<p>Krzysztof Piotrowski<\/p>\n<p>ogrody.szpadelek@gmail.com<\/p>\n<p>Tel: 515 962 564<\/p>\n<p>[\/et_pb_text][\/et_pb_column][\/et_pb_row][\/et_pb_section]<\/p>\n","protected":false},"excerpt":{"rendered":"<p>Projektowanie i piel\u0119gnacja ogrod\u00f3wTrawa z rolki Starannie wyselekcjonowane gatunki trawy, Szybki monta\u017c i mo\u017cliwo\u015b\u0107 po\u0142o\u017cenia jej o ka\u017cdej porze roku, Trawa wycinana jest z gruntu, uprawiana na plantacji od 12 do 18 miesi\u0119cy, posiada zwarty i mocny system korzeniowy, Szybko si\u0119 ukorzenia. Wymiary rolki: 0,6m x 1,6m, Waga: 20-25 kg, Uprawiana w gruncie minimum 12 [&hellip;]<\/p>\n","protected":false},"author":1,"featured_media":0,"parent":40,"menu_order":0,"comment_status":"closed","ping_status":"closed","template":"","meta":{"_et_pb_use_builder":"on","_et_pb_old_content":"","_et_gb_content_width":"","footnotes":""},"class_list":["post-218","page","type-page","status-publish","hentry"],"_links":{"self":[{"href":"https:\/\/szpadelek.com.pl\/index.php\/wp-json\/wp\/v2\/pages\/218","targetHints":{"allow":["GET"]}}],"collection":[{"href":"https:\/\/szpadelek.com.pl\/index.php\/wp-json\/wp\/v2\/pages"}],"about":[{"href":"https:\/\/szpadelek.com.pl\/index.php\/wp-json\/wp\/v2\/types\/page"}],"author":[{"embeddable":true,"href":"https:\/\/szpadelek.com.pl\/index.php\/wp-json\/wp\/v2\/users\/1"}],"replies":[{"embeddable":true,"href":"https:\/\/szpadelek.com.pl\/index.php\/wp-json\/wp\/v2\/comments?post=218"}],"version-history":[{"count":4,"href":"https:\/\/szpadelek.com.pl\/index.php\/wp-json\/wp\/v2\/pages\/218\/revisions"}],"predecessor-version":[{"id":226,"href":"https:\/\/szpadelek.com.pl\/index.php\/wp-json\/wp\/v2\/pages\/218\/revisions\/226"}],"up":[{"embeddable":true,"href":"https:\/\/szpadelek.com.pl\/index.php\/wp-json\/wp\/v2\/pages\/40"}],"wp:attachment":[{"href":"https:\/\/szpadelek.com.pl\/index.php\/wp-json\/wp\/v2\/media?parent=218"}],"curies":[{"name":"wp","href":"https:\/\/api.w.org\/{rel}","templated":true}]}}